{"id":813,"date":"2020-10-03T14:52:20","date_gmt":"2020-10-03T14:52:20","guid":{"rendered":"http:\/\/demo.athemes.com\/sp-plumber\/?page_id=17"},"modified":"2024-10-24T14:02:25","modified_gmt":"2024-10-24T14:02:25","slug":"iletisim","status":"publish","type":"page","link":"https:\/\/tekirdagbaymakkombiservisi.com.tr\/index.php\/iletisim\/","title":{"rendered":"\u0130leti\u015fim"},"content":{"rendered":"\t\t<div data-elementor-type=\"wp-page\" data-elementor-id=\"813\" class=\"elementor elementor-813\">\n\t\t\t\t\t\t<section class=\"elementor-section elementor-top-section elementor-element elementor-element-fd857a2 elementor-section-boxed elementor-section-height-default elementor-section-height-default\" data-id=\"fd857a2\" data-element_type=\"section\" data-e-type=\"section\" data-settings=\"{&quot;background_background&quot;:&quot;classic&quot;}\">\n\t\t\t\t\t\t\t<div class=\"elementor-background-overlay\"><\/div>\n\t\t\t\t\t\t\t<div class=\"elementor-container elementor-column-gap-default\">\n\t\t\t\t\t<div class=\"elementor-column elementor-col-100 elementor-top-column elementor-element elementor-element-539d53d\" data-id=\"539d53d\" data-element_type=\"column\" data-e-type=\"column\">\n\t\t\t<div class=\"elementor-widget-wrap elementor-element-populated\">\n\t\t\t\t\t\t<div class=\"elementor-element elementor-element-3c00872 elementor-widget elementor-widget-heading\" data-id=\"3c00872\" data-element_type=\"widget\" data-e-type=\"widget\" data-widget_type=\"heading.default\">\n\t\t\t\t<div class=\"elementor-widget-container\">\n\t\t\t\t\t<h2 class=\"elementor-heading-title elementor-size-default\">\u0130leti\u015fim<\/h2>\t\t\t\t<\/div>\n\t\t\t\t<\/div>\n\t\t\t\t<div class=\"elementor-element elementor-element-c642bb5 elementor-widget elementor-widget-text-editor\" data-id=\"c642bb5\" data-element_type=\"widget\" data-e-type=\"widget\" data-widget_type=\"text-editor.default\">\n\t\t\t\t<div class=\"elementor-widget-container\">\n\t\t\t\t\t\t\t\t\t<p><a href=\"https:\/\/tekirdagbaymakkombiservisi.com.tr\/\">Anasayfa<\/a>\u00a0 \u00a0|\u00a0 \u00a0 <a href=\"https:\/\/tekirdagbaymakkombiservisi.com.tr\/index.php\/iletisim\/\">\u0130leti\u015fim<\/a><\/p>\t\t\t\t\t\t\t\t<\/div>\n\t\t\t\t<\/div>\n\t\t\t\t\t<\/div>\n\t\t<\/div>\n\t\t\t\t\t<\/div>\n\t\t<\/section>\n\t\t\t\t<section class=\"elementor-section elementor-top-section elementor-element elementor-element-02e9fbe elementor-section-content-middle elementor-reverse-mobile elementor-section-boxed elementor-section-height-default elementor-section-height-default\" data-id=\"02e9fbe\" data-element_type=\"section\" data-e-type=\"section\">\n\t\t\t\t\t\t<div class=\"elementor-container elementor-column-gap-no\">\n\t\t\t\t\t<div class=\"elementor-column elementor-col-33 elementor-top-column elementor-element elementor-element-b6bf44c\" data-id=\"b6bf44c\" data-element_type=\"column\" data-e-type=\"column\">\n\t\t\t<div class=\"elementor-widget-wrap elementor-element-populated\">\n\t\t\t\t\t\t<div class=\"elementor-element elementor-element-4be75b9 elementor-widget elementor-widget-heading\" data-id=\"4be75b9\" data-element_type=\"widget\" data-e-type=\"widget\" data-widget_type=\"heading.default\">\n\t\t\t\t<div class=\"elementor-widget-container\">\n\t\t\t\t\t<div class=\"elementor-heading-title elementor-size-default\">\u00c7al\u0131\u015fma Saatlerimiz<\/div>\t\t\t\t<\/div>\n\t\t\t\t<\/div>\n\t\t\t\t<div class=\"elementor-element elementor-element-4555ab5 elementor-widget elementor-widget-text-editor\" data-id=\"4555ab5\" data-element_type=\"widget\" data-e-type=\"widget\" data-widget_type=\"text-editor.default\">\n\t\t\t\t<div class=\"elementor-widget-container\">\n\t\t\t\t\t\t\t\t\t<p>Pazartesi &#8211; Cuma: 08:00 \/ 22:00<\/p><p>Cumartesi &#8211; Pazar:\u00a0 10:00 \/ 19:00<\/p>\t\t\t\t\t\t\t\t<\/div>\n\t\t\t\t<\/div>\n\t\t\t\t\t<\/div>\n\t\t<\/div>\n\t\t\t\t<div class=\"elementor-column elementor-col-33 elementor-top-column elementor-element elementor-element-61659d0\" data-id=\"61659d0\" data-element_type=\"column\" data-e-type=\"column\">\n\t\t\t<div class=\"elementor-widget-wrap elementor-element-populated\">\n\t\t\t\t\t\t<div class=\"elementor-element elementor-element-2dc66a8 elementor-widget elementor-widget-heading\" data-id=\"2dc66a8\" data-element_type=\"widget\" data-e-type=\"widget\" data-widget_type=\"heading.default\">\n\t\t\t\t<div class=\"elementor-widget-container\">\n\t\t\t\t\t<div class=\"elementor-heading-title elementor-size-default\">Adres<\/div>\t\t\t\t<\/div>\n\t\t\t\t<\/div>\n\t\t\t\t<div class=\"elementor-element elementor-element-3c4bff0 elementor-widget elementor-widget-text-editor\" data-id=\"3c4bff0\" data-element_type=\"widget\" data-e-type=\"widget\" data-widget_type=\"text-editor.default\">\n\t\t\t\t<div class=\"elementor-widget-container\">\n\t\t\t\t\t\t\t\t\t<p>Yavuz Mahallesi Pe\u015ftemalci Caddesi No:126 S\u00fcleymanpa\u015fa \/ Tekirda\u011f<\/p>\t\t\t\t\t\t\t\t<\/div>\n\t\t\t\t<\/div>\n\t\t\t\t\t<\/div>\n\t\t<\/div>\n\t\t\t\t<div class=\"elementor-column elementor-col-33 elementor-top-column elementor-element elementor-element-a02daca\" data-id=\"a02daca\" data-element_type=\"column\" data-e-type=\"column\">\n\t\t\t<div class=\"elementor-widget-wrap elementor-element-populated\">\n\t\t\t\t\t\t<div class=\"elementor-element elementor-element-d686fa1 elementor-widget elementor-widget-heading\" data-id=\"d686fa1\" data-element_type=\"widget\" data-e-type=\"widget\" data-widget_type=\"heading.default\">\n\t\t\t\t<div class=\"elementor-widget-container\">\n\t\t\t\t\t<div class=\"elementor-heading-title elementor-size-default\">\u0130leti\u015fim<\/div>\t\t\t\t<\/div>\n\t\t\t\t<\/div>\n\t\t\t\t<div class=\"elementor-element elementor-element-517584c elementor-widget elementor-widget-text-editor\" data-id=\"517584c\" data-element_type=\"widget\" data-e-type=\"widget\" data-widget_type=\"text-editor.default\">\n\t\t\t\t<div class=\"elementor-widget-container\">\n\t\t\t\t\t\t\t\t\t<p>Telefon : <a href=\"tel:02822632296\">0282 263 22 96<\/a><\/p><p>WhatsApp : <a href=\"https:\/\/wa.me\/+905358762580\">0535 876 25 80<\/a><\/p><p style=\"text-align: left;\">Email : info@tekirdagbaymakkombiservisi.com.tr<\/p>\t\t\t\t\t\t\t\t<\/div>\n\t\t\t\t<\/div>\n\t\t\t\t\t<\/div>\n\t\t<\/div>\n\t\t\t\t\t<\/div>\n\t\t<\/section>\n\t\t\t\t<section class=\"elementor-section elementor-top-section elementor-element elementor-element-d7eb62c elementor-section-content-middle elementor-section-boxed elementor-section-height-default elementor-section-height-default\" data-id=\"d7eb62c\" data-element_type=\"section\" data-e-type=\"section\">\n\t\t\t\t\t\t<div class=\"elementor-container elementor-column-gap-extended\">\n\t\t\t\t\t<div class=\"elementor-column elementor-col-50 elementor-top-column elementor-element elementor-element-421898b\" data-id=\"421898b\" data-element_type=\"column\" data-e-type=\"column\">\n\t\t\t<div class=\"elementor-widget-wrap elementor-element-populated\">\n\t\t\t\t\t\t<div class=\"elementor-element elementor-element-d307553 elementor-widget elementor-widget-google_maps\" data-id=\"d307553\" data-element_type=\"widget\" data-e-type=\"widget\" data-widget_type=\"google_maps.default\">\n\t\t\t\t<div class=\"elementor-widget-container\">\n\t\t\t\t\t\t\t<div class=\"elementor-custom-embed\">\n\t\t\t<iframe loading=\"lazy\"\n\t\t\t\t\tsrc=\"https:\/\/maps.google.com\/maps?q=yavuz%20mahallesi%20pe%C5%9Ftemalci%20caddesi%20no%3A126&#038;t=m&#038;z=18&#038;output=embed&#038;iwloc=near\"\n\t\t\t\t\ttitle=\"yavuz mahallesi pe\u015ftemalci caddesi no:126\"\n\t\t\t\t\taria-label=\"yavuz mahallesi pe\u015ftemalci caddesi no:126\"\n\t\t\t><\/iframe>\n\t\t<\/div>\n\t\t\t\t\t\t<\/div>\n\t\t\t\t<\/div>\n\t\t\t\t\t<\/div>\n\t\t<\/div>\n\t\t\t\t<div class=\"elementor-column elementor-col-50 elementor-top-column elementor-element elementor-element-f0dbafb\" data-id=\"f0dbafb\" data-element_type=\"column\" data-e-type=\"column\" data-settings=\"{&quot;background_background&quot;:&quot;classic&quot;}\">\n\t\t\t<div class=\"elementor-widget-wrap elementor-element-populated\">\n\t\t\t\t\t\t<div class=\"elementor-element elementor-element-5c09944 elementor-widget elementor-widget-heading\" data-id=\"5c09944\" data-element_type=\"widget\" data-e-type=\"widget\" data-widget_type=\"heading.default\">\n\t\t\t\t<div class=\"elementor-widget-container\">\n\t\t\t\t\t<h4 class=\"elementor-heading-title elementor-size-default\">\u0130leti\u015fim Formu<\/h4>\t\t\t\t<\/div>\n\t\t\t\t<\/div>\n\t\t\t\t<div class=\"elementor-element elementor-element-25e2319 elementor-widget elementor-widget-shortcode\" data-id=\"25e2319\" data-element_type=\"widget\" data-e-type=\"widget\" data-widget_type=\"shortcode.default\">\n\t\t\t\t<div class=\"elementor-widget-container\">\n\t\t\t\t\t\t\t<div class=\"elementor-shortcode\"><style id=\"wpforms-css-vars-787\">\n\t\t\t\t#wpforms-787 {\n\t\t\t\t\n\t\t\t}\n\t\t\t<\/style><div class=\"wpforms-container wpforms-container-full wpforms-render-modern\" id=\"wpforms-787\"><form id=\"wpforms-form-787\" class=\"wpforms-validate wpforms-form wpforms-ajax-form\" data-formid=\"787\" method=\"post\" enctype=\"multipart\/form-data\" action=\"\/index.php\/wp-json\/wp\/v2\/pages\/813\" data-token=\"8320c5954c5291418e080a38f19fef99\" data-token-time=\"1775411474\"><noscript class=\"wpforms-error-noscript\">Bu formu bitirebilmek i\u00e7in taray\u0131c\u0131n\u0131zda JavaScript&#039;i etkinle\u015ftirin.<\/noscript><div id=\"wpforms-error-noscript\" style=\"display: none;\">Bu formu bitirebilmek i\u00e7in taray\u0131c\u0131n\u0131zda JavaScript&#039;i etkinle\u015ftirin.<\/div><div class=\"wpforms-field-container\"><div id=\"wpforms-787-field_1-container\" class=\"wpforms-field wpforms-field-name\" data-field-id=\"1\"><fieldset><legend class=\"wpforms-field-label\">Ad\u0131 Soyad\u0131 <span class=\"wpforms-required-label\" aria-hidden=\"true\">*<\/span><\/legend><div class=\"wpforms-field-row wpforms-field-medium\"><div class=\"wpforms-field-row-block wpforms-first wpforms-one-half\"><input type=\"text\" id=\"wpforms-787-field_1\" class=\"wpforms-field-name-first wpforms-field-required\" name=\"wpforms[fields][1][first]\" aria-errormessage=\"wpforms-787-field_1-error\" required><label for=\"wpforms-787-field_1\" class=\"wpforms-field-sublabel after\">Ad<\/label><\/div><div class=\"wpforms-field-row-block wpforms-one-half\"><input type=\"text\" id=\"wpforms-787-field_1-last\" class=\"wpforms-field-name-last wpforms-field-required\" name=\"wpforms[fields][1][last]\" aria-errormessage=\"wpforms-787-field_1-last-error\" required><label for=\"wpforms-787-field_1-last\" class=\"wpforms-field-sublabel after\">Soyad<\/label><\/div><\/div><\/fieldset><\/div>\t\t<div id=\"wpforms-787-field_4-container\"\n\t\t\tclass=\"wpforms-field wpforms-field-text\"\n\t\t\tdata-field-type=\"text\"\n\t\t\tdata-field-id=\"4\"\n\t\t\t>\n\t\t\t<label class=\"wpforms-field-label\" for=\"wpforms-787-field_4\" >Mesaj Yorum veya<\/label>\n\t\t\t<input type=\"text\" id=\"wpforms-787-field_4\" class=\"wpforms-field-medium\" name=\"wpforms[fields][4]\" >\n\t\t<\/div>\n\t\t<div id=\"wpforms-787-field_2-container\" class=\"wpforms-field wpforms-field-email\" data-field-id=\"2\"><label class=\"wpforms-field-label\" for=\"wpforms-787-field_2\">E-posta <span class=\"wpforms-required-label\" aria-hidden=\"true\">*<\/span><\/label><input type=\"email\" id=\"wpforms-787-field_2\" class=\"wpforms-field-medium wpforms-field-required\" name=\"wpforms[fields][2]\" spellcheck=\"false\" aria-errormessage=\"wpforms-787-field_2-error\" required><\/div><div id=\"wpforms-787-field_3-container\" class=\"wpforms-field wpforms-field-textarea\" data-field-id=\"3\"><label class=\"wpforms-field-label\" for=\"wpforms-787-field_3\">Yorum veya Mesaj<\/label><textarea id=\"wpforms-787-field_3\" class=\"wpforms-field-medium\" name=\"wpforms[fields][3]\" aria-errormessage=\"wpforms-787-field_3-error\" ><\/textarea><\/div><script>\n\t\t\t\t( function() {\n\t\t\t\t\tconst style = document.createElement( 'style' );\n\t\t\t\t\tstyle.appendChild( document.createTextNode( '#wpforms-787-field_4-container { position: absolute !important; overflow: hidden !important; display: inline !important; height: 1px !important; width: 1px !important; z-index: -1000 !important; padding: 0 !important; } #wpforms-787-field_4-container input { visibility: hidden; } #wpforms-conversational-form-page #wpforms-787-field_4-container label { counter-increment: none; }' ) );\n\t\t\t\t\tdocument.head.appendChild( style );\n\t\t\t\t\tdocument.currentScript?.remove();\n\t\t\t\t} )();\n\t\t\t<\/script><\/div><!-- .wpforms-field-container --><div class=\"wpforms-submit-container\" ><input type=\"hidden\" name=\"wpforms[id]\" value=\"787\"><input type=\"hidden\" name=\"page_title\" value=\"\"><input type=\"hidden\" name=\"page_url\" value=\"https:\/\/tekirdagbaymakkombiservisi.com.tr\/index.php\/wp-json\/wp\/v2\/pages\/813\"><input type=\"hidden\" name=\"url_referer\" value=\"\"><button type=\"submit\" name=\"wpforms[submit]\" id=\"wpforms-submit-787\" class=\"wpforms-submit\" data-alt-text=\"G\u00f6nderiliyor...\" data-submit-text=\"G\u00f6nder\" aria-live=\"assertive\" value=\"wpforms-submit\">G\u00f6nder<\/button><img decoding=\"async\" src=\"https:\/\/tekirdagbaymakkombiservisi.com.tr\/wp-content\/plugins\/wpforms-lite\/assets\/images\/submit-spin.svg\" class=\"wpforms-submit-spinner\" style=\"display: none;\" width=\"26\" height=\"26\" alt=\"Y\u00fckleniyor\"><\/div><\/form><\/div>  <!-- .wpforms-container -->\t<\/div>\n\t\t\t\t\t\t<\/div>\n\t\t\t\t<\/div>\n\t\t\t\t\t<\/div>\n\t\t<\/div>\n\t\t\t\t\t<\/div>\n\t\t<\/section>\n\t\t\t\t<\/div>\n\t\t","protected":false},"excerpt":{"rendered":"<p>\u0130leti\u015fim Anasayfa\u00a0 \u00a0|\u00a0 \u00a0 \u0130leti\u015fim \u00c7al\u0131\u015fma Saatlerimiz Pazartesi &#8211; Cuma: 08:00 \/ 22:00 Cumartesi &#8211; Pazar:\u00a0 10:00 \/ 19:00 Adres Yavuz Mahallesi Pe\u015ftemalci Caddesi No:126 [&hellip;]<\/p>\n","protected":false},"author":1,"featured_media":0,"parent":0,"menu_order":0,"comment_status":"closed","ping_status":"closed","template":"page-templates\/page_front-page.php","meta":{"footnotes":""},"class_list":["post-813","page","type-page","status-publish","hentry"],"yoast_head":"<!-- This site is optimized with the Yoast SEO plugin v27.3 - https:\/\/yoast.com\/product\/yoast-seo-wordpress\/ -->\n<title>\u0130leti\u015fim - Tekirda\u011f Baymak Kombi Servisi 0282 263 22 96<\/title>\n<meta name=\"description\" content=\"\u0130leti\u015fim Tekirda\u011f Baymak Kombi Servisi 0282 263 22 96 WhatsApp Destek Hatt\u0131 0535 876 25 80 Baymak Kombi, Kazan ve Kaskad Sistemleri Servisi\" \/>\n<meta name=\"robots\" content=\"index, follow, max-snippet:-1, max-image-preview:large, max-video-preview:-1\" \/>\n<link rel=\"canonical\" href=\"https:\/\/tekirdagbaymakkombiservisi.com.tr\/index.php\/iletisim\/\" \/>\n<meta property=\"og:locale\" content=\"tr_TR\" \/>\n<meta property=\"og:type\" content=\"article\" \/>\n<meta property=\"og:title\" content=\"\u0130leti\u015fim - Tekirda\u011f Baymak Kombi Servisi 0282 263 22 96\" \/>\n<meta property=\"og:description\" content=\"\u0130leti\u015fim Tekirda\u011f Baymak Kombi Servisi 0282 263 22 96 WhatsApp Destek Hatt\u0131 0535 876 25 80 Baymak Kombi, Kazan ve Kaskad Sistemleri Servisi\" \/>\n<meta property=\"og:url\" content=\"https:\/\/tekirdagbaymakkombiservisi.com.tr\/index.php\/iletisim\/\" \/>\n<meta property=\"og:site_name\" content=\"Tekirda\u011f Baymak Kombi Servisi 0282 263 22 96\" \/>\n<meta property=\"article:modified_time\" content=\"2024-10-24T14:02:25+00:00\" \/>\n<meta name=\"twitter:card\" content=\"summary_large_image\" \/>\n<meta name=\"twitter:label1\" content=\"Tahmini okuma s\u00fcresi\" \/>\n\t<meta name=\"twitter:data1\" content=\"1 dakika\" \/>\n<script type=\"application\/ld+json\" class=\"yoast-schema-graph\">{\"@context\":\"https:\\\/\\\/schema.org\",\"@graph\":[{\"@type\":\"WebPage\",\"@id\":\"https:\\\/\\\/tekirdagbaymakkombiservisi.com.tr\\\/index.php\\\/iletisim\\\/\",\"url\":\"https:\\\/\\\/tekirdagbaymakkombiservisi.com.tr\\\/index.php\\\/iletisim\\\/\",\"name\":\"\u0130leti\u015fim - Tekirda\u011f Baymak Kombi Servisi 0282 263 22 96\",\"isPartOf\":{\"@id\":\"https:\\\/\\\/tekirdagbaymakkombiservisi.com.tr\\\/#website\"},\"datePublished\":\"2020-10-03T14:52:20+00:00\",\"dateModified\":\"2024-10-24T14:02:25+00:00\",\"description\":\"\u0130leti\u015fim Tekirda\u011f Baymak Kombi Servisi 0282 263 22 96 WhatsApp Destek Hatt\u0131 0535 876 25 80 Baymak Kombi, Kazan ve Kaskad Sistemleri Servisi\",\"breadcrumb\":{\"@id\":\"https:\\\/\\\/tekirdagbaymakkombiservisi.com.tr\\\/index.php\\\/iletisim\\\/#breadcrumb\"},\"inLanguage\":\"tr\",\"potentialAction\":[{\"@type\":\"ReadAction\",\"target\":[\"https:\\\/\\\/tekirdagbaymakkombiservisi.com.tr\\\/index.php\\\/iletisim\\\/\"]}]},{\"@type\":\"BreadcrumbList\",\"@id\":\"https:\\\/\\\/tekirdagbaymakkombiservisi.com.tr\\\/index.php\\\/iletisim\\\/#breadcrumb\",\"itemListElement\":[{\"@type\":\"ListItem\",\"position\":1,\"name\":\"Anasayfa\",\"item\":\"https:\\\/\\\/tekirdagbaymakkombiservisi.com.tr\\\/\"},{\"@type\":\"ListItem\",\"position\":2,\"name\":\"\u0130leti\u015fim\"}]},{\"@type\":\"WebSite\",\"@id\":\"https:\\\/\\\/tekirdagbaymakkombiservisi.com.tr\\\/#website\",\"url\":\"https:\\\/\\\/tekirdagbaymakkombiservisi.com.tr\\\/\",\"name\":\"Tekirda\u011f Baymak Kombi Servisi 0282 263 22 96\",\"description\":\"\",\"publisher\":{\"@id\":\"https:\\\/\\\/tekirdagbaymakkombiservisi.com.tr\\\/#organization\"},\"potentialAction\":[{\"@type\":\"SearchAction\",\"target\":{\"@type\":\"EntryPoint\",\"urlTemplate\":\"https:\\\/\\\/tekirdagbaymakkombiservisi.com.tr\\\/?s={search_term_string}\"},\"query-input\":{\"@type\":\"PropertyValueSpecification\",\"valueRequired\":true,\"valueName\":\"search_term_string\"}}],\"inLanguage\":\"tr\"},{\"@type\":\"Organization\",\"@id\":\"https:\\\/\\\/tekirdagbaymakkombiservisi.com.tr\\\/#organization\",\"name\":\"Tekirda\u011f Baymak Kombi Servisi 0282 263 22 96\",\"url\":\"https:\\\/\\\/tekirdagbaymakkombiservisi.com.tr\\\/\",\"logo\":{\"@type\":\"ImageObject\",\"inLanguage\":\"tr\",\"@id\":\"https:\\\/\\\/tekirdagbaymakkombiservisi.com.tr\\\/#\\\/schema\\\/logo\\\/image\\\/\",\"url\":\"https:\\\/\\\/tekirdagbaymakkombiservisi.com.tr\\\/wp-content\\\/uploads\\\/2024\\\/10\\\/Baymak-logo-ED104D6859-seeklogo.com_.png\",\"contentUrl\":\"https:\\\/\\\/tekirdagbaymakkombiservisi.com.tr\\\/wp-content\\\/uploads\\\/2024\\\/10\\\/Baymak-logo-ED104D6859-seeklogo.com_.png\",\"width\":300,\"height\":79,\"caption\":\"Tekirda\u011f Baymak Kombi Servisi 0282 263 22 96\"},\"image\":{\"@id\":\"https:\\\/\\\/tekirdagbaymakkombiservisi.com.tr\\\/#\\\/schema\\\/logo\\\/image\\\/\"}}]}<\/script>\n<!-- \/ Yoast SEO plugin. -->","yoast_head_json":{"title":"\u0130leti\u015fim - Tekirda\u011f Baymak Kombi Servisi 0282 263 22 96","description":"\u0130leti\u015fim Tekirda\u011f Baymak Kombi Servisi 0282 263 22 96 WhatsApp Destek Hatt\u0131 0535 876 25 80 Baymak Kombi, Kazan ve Kaskad Sistemleri Servisi","robots":{"index":"index","follow":"follow","max-snippet":"max-snippet:-1","max-image-preview":"max-image-preview:large","max-video-preview":"max-video-preview:-1"},"canonical":"https:\/\/tekirdagbaymakkombiservisi.com.tr\/index.php\/iletisim\/","og_locale":"tr_TR","og_type":"article","og_title":"\u0130leti\u015fim - Tekirda\u011f Baymak Kombi Servisi 0282 263 22 96","og_description":"\u0130leti\u015fim Tekirda\u011f Baymak Kombi Servisi 0282 263 22 96 WhatsApp Destek Hatt\u0131 0535 876 25 80 Baymak Kombi, Kazan ve Kaskad Sistemleri Servisi","og_url":"https:\/\/tekirdagbaymakkombiservisi.com.tr\/index.php\/iletisim\/","og_site_name":"Tekirda\u011f Baymak Kombi Servisi 0282 263 22 96","article_modified_time":"2024-10-24T14:02:25+00:00","twitter_card":"summary_large_image","twitter_misc":{"Tahmini okuma s\u00fcresi":"1 dakika"},"schema":{"@context":"https:\/\/schema.org","@graph":[{"@type":"WebPage","@id":"https:\/\/tekirdagbaymakkombiservisi.com.tr\/index.php\/iletisim\/","url":"https:\/\/tekirdagbaymakkombiservisi.com.tr\/index.php\/iletisim\/","name":"\u0130leti\u015fim - Tekirda\u011f Baymak Kombi Servisi 0282 263 22 96","isPartOf":{"@id":"https:\/\/tekirdagbaymakkombiservisi.com.tr\/#website"},"datePublished":"2020-10-03T14:52:20+00:00","dateModified":"2024-10-24T14:02:25+00:00","description":"\u0130leti\u015fim Tekirda\u011f Baymak Kombi Servisi 0282 263 22 96 WhatsApp Destek Hatt\u0131 0535 876 25 80 Baymak Kombi, Kazan ve Kaskad Sistemleri Servisi","breadcrumb":{"@id":"https:\/\/tekirdagbaymakkombiservisi.com.tr\/index.php\/iletisim\/#breadcrumb"},"inLanguage":"tr","potentialAction":[{"@type":"ReadAction","target":["https:\/\/tekirdagbaymakkombiservisi.com.tr\/index.php\/iletisim\/"]}]},{"@type":"BreadcrumbList","@id":"https:\/\/tekirdagbaymakkombiservisi.com.tr\/index.php\/iletisim\/#breadcrumb","itemListElement":[{"@type":"ListItem","position":1,"name":"Anasayfa","item":"https:\/\/tekirdagbaymakkombiservisi.com.tr\/"},{"@type":"ListItem","position":2,"name":"\u0130leti\u015fim"}]},{"@type":"WebSite","@id":"https:\/\/tekirdagbaymakkombiservisi.com.tr\/#website","url":"https:\/\/tekirdagbaymakkombiservisi.com.tr\/","name":"Tekirda\u011f Baymak Kombi Servisi 0282 263 22 96","description":"","publisher":{"@id":"https:\/\/tekirdagbaymakkombiservisi.com.tr\/#organization"},"potentialAction":[{"@type":"SearchAction","target":{"@type":"EntryPoint","urlTemplate":"https:\/\/tekirdagbaymakkombiservisi.com.tr\/?s={search_term_string}"},"query-input":{"@type":"PropertyValueSpecification","valueRequired":true,"valueName":"search_term_string"}}],"inLanguage":"tr"},{"@type":"Organization","@id":"https:\/\/tekirdagbaymakkombiservisi.com.tr\/#organization","name":"Tekirda\u011f Baymak Kombi Servisi 0282 263 22 96","url":"https:\/\/tekirdagbaymakkombiservisi.com.tr\/","logo":{"@type":"ImageObject","inLanguage":"tr","@id":"https:\/\/tekirdagbaymakkombiservisi.com.tr\/#\/schema\/logo\/image\/","url":"https:\/\/tekirdagbaymakkombiservisi.com.tr\/wp-content\/uploads\/2024\/10\/Baymak-logo-ED104D6859-seeklogo.com_.png","contentUrl":"https:\/\/tekirdagbaymakkombiservisi.com.tr\/wp-content\/uploads\/2024\/10\/Baymak-logo-ED104D6859-seeklogo.com_.png","width":300,"height":79,"caption":"Tekirda\u011f Baymak Kombi Servisi 0282 263 22 96"},"image":{"@id":"https:\/\/tekirdagbaymakkombiservisi.com.tr\/#\/schema\/logo\/image\/"}}]}},"_links":{"self":[{"href":"https:\/\/tekirdagbaymakkombiservisi.com.tr\/index.php\/wp-json\/wp\/v2\/pages\/813","targetHints":{"allow":["GET"]}}],"collection":[{"href":"https:\/\/tekirdagbaymakkombiservisi.com.tr\/index.php\/wp-json\/wp\/v2\/pages"}],"about":[{"href":"https:\/\/tekirdagbaymakkombiservisi.com.tr\/index.php\/wp-json\/wp\/v2\/types\/page"}],"author":[{"embeddable":true,"href":"https:\/\/tekirdagbaymakkombiservisi.com.tr\/index.php\/wp-json\/wp\/v2\/users\/1"}],"replies":[{"embeddable":true,"href":"https:\/\/tekirdagbaymakkombiservisi.com.tr\/index.php\/wp-json\/wp\/v2\/comments?post=813"}],"version-history":[{"count":4,"href":"https:\/\/tekirdagbaymakkombiservisi.com.tr\/index.php\/wp-json\/wp\/v2\/pages\/813\/revisions"}],"predecessor-version":[{"id":846,"href":"https:\/\/tekirdagbaymakkombiservisi.com.tr\/index.php\/wp-json\/wp\/v2\/pages\/813\/revisions\/846"}],"wp:attachment":[{"href":"https:\/\/tekirdagbaymakkombiservisi.com.tr\/index.php\/wp-json\/wp\/v2\/media?parent=813"}],"curies":[{"name":"wp","href":"https:\/\/api.w.org\/{rel}","templated":true}]}}